{"id":2210,"date":"2018-09-25T20:50:02","date_gmt":"2018-09-25T20:50:02","guid":{"rendered":"http:\/\/www.divosvet.cz\/?page_id=2210"},"modified":"2019-06-24T07:16:43","modified_gmt":"2019-06-24T07:16:43","slug":"predstaveni-barevny-svet","status":"publish","type":"page","link":"https:\/\/vedomebyti.cz\/en\/predstaveni-barevny-svet\/","title":{"rendered":"PERFORMANCE COLOURED WORLD"},"content":{"rendered":"<div id=\"pl-2210\"  class=\"panel-layout\" ><div id=\"pg-2210-0\"  class=\"panel-grid panel-no-style\" ><div id=\"pgc-2210-0-0\"  class=\"panel-grid-cell\" ><div id=\"panel-2210-0-0-0\" class=\"so-panel widget widget_sow-editor panel-first-child panel-last-child\" data-index=\"0\" ><div class=\"MY-page-header panel-widget-style panel-widget-style-for-2210-0-0-0\" ><div\n\t\t\t\n\t\t\tclass=\"so-widget-sow-editor so-widget-sow-editor-base\"\n\t\t\t\n\t\t>\n<div class=\"siteorigin-widget-tinymce textwidget\">\n\t<p>PERFORMANCE COLOURED WORLD<\/p>\n<\/div>\n<\/div><\/div><\/div><\/div><\/div><div id=\"pg-2210-1\"  class=\"panel-grid panel-has-style\" ><div class=\"MY-hlbox-big-lr MY-bg-stromlist3x-opaq5-fixed panel-row-style panel-row-style-for-2210-1\" ><div id=\"pgc-2210-1-0\"  class=\"panel-grid-cell\" ><div id=\"panel-2210-1-0-0\" class=\"so-panel widget widget_sow-editor panel-first-child panel-last-child\" data-index=\"1\" ><div\n\t\t\t\n\t\t\tclass=\"so-widget-sow-editor so-widget-sow-editor-base\"\n\t\t\t\n\t\t>\n<div class=\"siteorigin-widget-tinymce textwidget\">\n\t<div style=\"text-align: justify;\"> <img decoding=\"async\" class=\"alignleft MY-box-shadow6\" src=\"https:\/\/vedomebyti.cz\/images\/dpd-predstaveni\/barevny_svet\/plakat-v10.jpg\" width=\"180\" style=\"margin: 0px 30px 30px 0px;\"\/>  <strong> Each one is different, each one has her own talent, each one can be herself, each one can join with any other and create something original together...<\/strong> is a performance that plays with the themes of discrimination vs. equality, bullying vs. friendship, underestimation vs. confidence, doing nothing vs. developing talents. During the performance, the children will play the role of painters, among other things, and the resulting work will stay in your school. This performance can also be booked in English. <\/div>\n\n<table class=\"MY-no-bottom-margin\" style=\"margin: 10px;\">\n<tbody>\n<tr><td>Scenario:<\/td><td>Daniela Cachov\u00e1, 2018<\/td><\/tr>\n<tr><td>Prime Minister:<\/td><td>9. 9. 2019<\/td><\/tr>\n<tr><td>they're playing:<\/td><td>Daniela Cachov\u00e1, puppet team and children<\/td><\/tr>\n<tr><td>Length:<\/td><td>approx. 30 minutes (can be shortened or extended by agreement)<\/td><\/tr>\n<tr><td>age:<\/td><td>4 - 8 years<\/td><\/tr>\n<tr><td>Price:<\/td><td>70,- CZK per child, minimum 3 500,- CZK; + transport (3,- CZK \/ km, 40km free)<\/td><\/tr>\n<tr><td>recommended workshop:<\/td><td><a href=\"https:\/\/vedomebyti.cz\/en\/divosvet-pro-deti-divadlo\/#dilnicky-zaziteksily\">Experience the Force<\/a> (approx. 15 min, free)<\/td><\/tr>\n<\/tbody>\n<\/table>\n<\/div>\n<\/div><\/div><\/div><\/div><\/div><\/div>","protected":false},"excerpt":{"rendered":"<p>P\u0158EDSTAVEN\u00cd BAREVN\u00dd SV\u011aT Ka\u017ed\u00e1 je jin\u00e1, ka\u017ed\u00e1 m\u00e1 sv\u016fj talent, ka\u017ed\u00e1 m\u016f\u017ee b\u00fdt sama sebou, ka\u017ed\u00e1 se m\u016f\u017ee spojit s jakoukoliv jinou a vytvo\u0159it spole\u010dn\u011b n\u011bco origin\u00e1ln\u00edho.. Barevn\u00fd sv\u011bt je p\u0159edstaven\u00ed, kter\u00e9 si hraje s t\u00e9maty diskriminace vs. rovnost, \u0161ikana vs. p\u0159\u00e1telstv\u00ed, podce\u0148ov\u00e1n\u00ed vs. sebed\u016fv\u011bra, nicned\u011bl\u00e1n\u00ed vs. rozv\u00edjen\u00ed talent\u016f. P\u0159i p\u0159edstaven\u00ed si d\u011bti zahraj\u00ed mimo &hellip; <\/p>\n<p class=\"link-more\"><a href=\"https:\/\/vedomebyti.cz\/en\/predstaveni-barevny-svet\/\" class=\"more-link\">Continue reading<span class=\"screen-reader-text\"> &#8222;P\u0158EDSTAVEN\u00cd BAREVN\u00dd SV\u011aT&#8220;<\/span><\/a><\/p>","protected":false},"author":2,"featured_media":0,"parent":0,"menu_order":0,"comment_status":"closed","ping_status":"closed","template":"","meta":{"footnotes":""},"class_list":["post-2210","page","type-page","status-publish","hentry"],"_links":{"self":[{"href":"https:\/\/vedomebyti.cz\/en\/wp-json\/wp\/v2\/pages\/2210","targetHints":{"allow":["GET"]}}],"collection":[{"href":"https:\/\/vedomebyti.cz\/en\/wp-json\/wp\/v2\/pages"}],"about":[{"href":"https:\/\/vedomebyti.cz\/en\/wp-json\/wp\/v2\/types\/page"}],"author":[{"embeddable":true,"href":"https:\/\/vedomebyti.cz\/en\/wp-json\/wp\/v2\/users\/2"}],"replies":[{"embeddable":true,"href":"https:\/\/vedomebyti.cz\/en\/wp-json\/wp\/v2\/comments?post=2210"}],"version-history":[{"count":20,"href":"https:\/\/vedomebyti.cz\/en\/wp-json\/wp\/v2\/pages\/2210\/revisions"}],"predecessor-version":[{"id":3353,"href":"https:\/\/vedomebyti.cz\/en\/wp-json\/wp\/v2\/pages\/2210\/revisions\/3353"}],"wp:attachment":[{"href":"https:\/\/vedomebyti.cz\/en\/wp-json\/wp\/v2\/media?parent=2210"}],"curies":[{"name":"wp","href":"https:\/\/api.w.org\/{rel}","templated":true}]}}