{"id":2694,"date":"2018-11-18T15:42:49","date_gmt":"2018-11-18T15:42:49","guid":{"rendered":"http:\/\/www.divosvet.cz\/?page_id=2694"},"modified":"2025-10-03T09:09:40","modified_gmt":"2025-10-03T09:09:40","slug":"home","status":"publish","type":"page","link":"https:\/\/vedomebyti.cz\/en\/","title":{"rendered":"_DIVOSVET"},"content":{"rendered":"<div id=\"pl-2694\"  class=\"panel-layout\" ><div id=\"pg-2694-0\"  class=\"panel-grid panel-no-style\" ><div id=\"pgc-2694-0-0\"  class=\"panel-grid-cell\" ><div id=\"panel-2694-0-0-0\" class=\"so-panel widget widget_sow-image panel-first-child panel-last-child\" data-index=\"0\" ><div\n\t\t\t\n\t\t\tclass=\"so-widget-sow-image so-widget-sow-image-default-c67d20f9f743-2694\"\n\t\t\t\n\t\t>\n<div class=\"sow-image-container\">\n\t\t<img \n\tsrc=\"https:\/\/vedomebyti.cz\/wp-content\/uploads\/2025\/09\/favicon_VB.png\" title=\"_DIVOSVET\" alt=\"\" \t\tclass=\"so-widget-image\"\/>\n\t<\/div>\n\n<\/div><\/div><\/div><\/div><div id=\"pg-2694-1\"  class=\"panel-grid panel-has-style\" ><div class=\"siteorigin-panels-stretch panel-row-style panel-row-style-for-2694-1\" data-stretch-type=\"full\" ><div id=\"pgc-2694-1-0\"  class=\"panel-grid-cell\" ><div id=\"panel-2694-1-0-0\" class=\"so-panel widget widget_sow-editor panel-first-child panel-last-child\" data-index=\"1\" ><div\n\t\t\t\n\t\t\tclass=\"so-widget-sow-editor so-widget-sow-editor-base\"\n\t\t\t\n\t\t>\n<div class=\"siteorigin-widget-tinymce textwidget\">\n\t<div class=\"MY-title-box MY-t-center\" style=\"margin-bottom: 1em;\">Planned and ongoing events<\/div>\n<p class=\"MY-t-center\">Accept an invitation to one of the planned events<br \/>\nand join us in harnessing the power of the women's circle.<\/p>\n<p><!-- ****** PROJAS\u0147UJ\u00cdC\u00cd P\u011aTIDENN\u00cd \u017dENSK\u00dd KRUH SALAJNA ****** --><\/p>\n<div class=\"MY-flexcontainer MY-flexcontainer-wrap\" style=\"margin-bottom: 2em;\">\n<div class=\"MY-flexitem-wrapable MY-flexitem-w30p\" style=\"height: 14em;\">\n<a class=\"MY-link-noshadow\" href=\"https:\/\/vedomebyti.cz\/en\/_akce_projasnujici_petidenni_zensky_kruh\/\"><br \/>\n<img loading=\"lazy\" decoding=\"async\" class=\"MY-link-image-noshadow\" style=\"object-fit: cover; height: 100%; width: 100%;\" src=\"https:\/\/vedomebyti.cz\/wp-content\/uploads\/2023\/09\/WhatsApp-Image-2023-09-19_7.jpg\" width=\"800\" height=\"716\" \/><br \/>\n<\/a>\n<\/div>\n<div class=\"MY-flexitem-wrapable MY-flexitem-w70p\" style=\"background-color: white; padding: 1.5em 2em 0em 2em;\">\n<a class=\"MY-link-noshadow\" href=\"https:\/\/vedomebyti.cz\/en\/_akce_projasnujici_petidenni_zensky_kruh\/\"><\/p>\n<div class=\"MY-title MY-title-paragraph\" style=\"margin-bottom: 1em;\"><strong>Projas\u0148uj\u00edc\u00ed p\u011btidenn\u00ed \u017eensk\u00fd kruh<\/strong><\/div>\n<div class=\"MY-t-justify\">Harmonizuj\u00edc\u00ed zastaven\u00ed s doprov\u00e1zen\u00fdm programem na p\u0159ekr\u00e1sn\u00e9m statku Salajna. Prohlubuj\u00edc\u00ed se tma tohoto obdob\u00ed d\u00e1v\u00e1 vyniknout z\u00e1\u0159i na\u0161eho vlastn\u00edho vnit\u0159n\u00edho sv\u011btla. Dovol\u00ed\u0161 si zastavit se a pos\u00edlit jej praktick\u00fdmi technikami a propojen\u00edm v kruhu probouzej\u00edc\u00edch se \u017een?  <em> <span style=\"font-size: 0.9em;\"> (od 13. 11. 2025,<\/span> <a style=\"font-size: 0.9em;\" href=\"https:\/\/salajna.cz\/\" target=\"_blank\" rel=\"noopener\">Salajna homestead)<\/a> <\/em><\/div>\n<p>&nbsp;<br \/>\n<\/a>\n<\/div>\n<\/div>\n<p><!-- ****** SMOOTH\u00cd\u010cKO PROPOJEN\u00cd****** --><\/p>\n<div class=\"MY-flexcontainer MY-flexcontainer-wrap\" style=\"margin-bottom: 2em;\">\n<div class=\"MY-flexitem-wrapable MY-flexitem-w30p\" style=\"height: 14em;\"><a class=\"MY-link-noshadow\" href=\"https:\/\/vedomebyti.cz\/en\/_akce_smoothicko-propojeni\/\"><br \/>\n<img loading=\"lazy\" decoding=\"async\" class=\"MY-link-image-noshadow\" style=\"object-fit: cover; height: 100%; width: 100%;\" src=\"https:\/\/vedomebyti.cz\/wp-content\/uploads\/2023\/09\/IMG_0600.jpg\" width=\"800\" height=\"716\" \/><br \/>\n<\/a><\/div>\n<div class=\"MY-flexitem-wrapable MY-flexitem-w70p\" style=\"background-color: white; padding: 1.5em 2em 0em 2em;\">\n<a class=\"MY-link-noshadow\" href=\"https:\/\/vedomebyti.cz\/en\/_akce_smoothicko-propojeni\/\"><\/p>\n<div class=\"MY-title MY-title-paragraph\" style=\"margin-bottom: 1em;\"><strong>Smooth\u00ed\u010dko Propojen\u00ed<\/strong><\/div>\n<div class=\"MY-t-justify\">aneb pro\u017eitkov\u00fd kurz tance, meditac\u00ed a sd\u00edlen\u00ed v t\u00e9matech, kter\u00e9 jsou p\u0159irozenou sou\u010d\u00e1st\u00ed na\u0161\u00ed cesty. Pokud jim d\u00e1me v\u011bdomou pozornost, mohou pov\u00fd\u0161it na\u0161e byt\u00ed na do dal\u0161\u00ed \u00farovn\u011b. Kdy\u017e pak sv\u00e9 vhledy propoj\u00edme, vstupujeme na mystickou \u00farove\u0148 tv\u016frkyn\u011b sv\u00e9ho vlastn\u00edho \u017eivota. <em> <span style=\"font-size: 0.9em;\"> (od 7. 10. 2025,<\/span> <a style=\"font-size: 0.9em;\" href=\"https:\/\/zaya.cz\/\" target=\"_blank\" rel=\"noopener\">Zaya Community School)<\/a> <\/em><\/div>\n<p>&nbsp;<\/p>\n<p>&nbsp;<\/p>\n<p><\/a><\/div>\n<\/div>\n<\/div>\n<\/div><\/div><\/div><\/div><\/div><div id=\"pg-2694-2\"  class=\"panel-grid panel-has-style\" ><div class=\"panel-row-style panel-row-style-for-2694-2\" ><div id=\"pgc-2694-2-0\"  class=\"panel-grid-cell\" ><div id=\"panel-2694-2-0-0\" class=\"so-panel widget widget_sow-image panel-first-child\" data-index=\"2\" ><div\n\t\t\t\n\t\t\tclass=\"so-widget-sow-image so-widget-sow-image-default-c67d20f9f743-2694\"\n\t\t\t\n\t\t>\n<div class=\"sow-image-container\">\n\t\t<img \n\tsrc=\"https:\/\/vedomebyti.cz\/images\/oddelovace\/od-st2.svg\" title=\"_DIVOSVET\" alt=\"\" \t\tclass=\"so-widget-image\"\/>\n\t<\/div>\n\n<\/div><\/div><div id=\"panel-2694-2-0-1\" class=\"so-panel widget widget_sow-editor panel-last-child\" data-index=\"3\" ><div\n\t\t\t\n\t\t\tclass=\"so-widget-sow-editor so-widget-sow-editor-base\"\n\t\t\t\n\t\t>\n<div class=\"siteorigin-widget-tinymce textwidget\">\n\t<div class='white' style='background:rgba(0,0,0,0); border:solid 0px rgba(0,0,0,0); border-radius:0px; padding:0px 0px 0px 0px;'>\n<div id='slider_3001' class='owl-carousel sa_owl_theme' data-slider-id='slider_3001' style='visibility:hidden;'>\n<div id='slider_3001_slide28' class='sa_hover_container' style='padding:5% 5%; margin:0px 1%; background-image:url(&quot;https:\/\/vedomebyti.cz\/wp-content\/uploads\/2023\/09\/WhatsApp-Image-2023-09-19-at-20.22.37.jpg&quot;); background-position:center center; background-size:cover; background-repeat:no-repeat; min-height:250px; '><\/div>\n<div id='slider_3001_slide04' class='sa_hover_container' style='padding:5% 5%; margin:0px 1%; background-image:url(&quot;https:\/\/vedomebyti.cz\/wp-content\/uploads\/2024\/09\/20231118_214429-scaled.jpg&quot;); background-position:center center; background-size:cover; background-repeat:no-repeat; min-height:250px; '><\/div>\n<div id='slider_3001_slide03' class='sa_hover_container' style='padding:5% 5%; margin:0px 1%; background-image:url(&quot;https:\/\/vedomebyti.cz\/wp-content\/uploads\/2024\/09\/20231118_104432-scaled.jpg&quot;); background-position:center center; background-size:cover; background-repeat:no-repeat; min-height:250px; '><\/div>\n<div id='slider_3001_slide06' class='sa_hover_container' style='padding:5% 5%; margin:0px 1%; background-image:url(&quot;https:\/\/vedomebyti.cz\/wp-content\/uploads\/2023\/09\/IMG_8534.jpg&quot;); background-position:center center; background-size:cover; background-repeat:no-repeat; min-height:250px; '><\/div>\n<div id='slider_3001_slide12' class='sa_hover_container' style='padding:5% 5%; margin:0px 1%; background-image:url(&quot;https:\/\/vedomebyti.cz\/wp-content\/uploads\/2018\/11\/IMG-20210524-WA0069.jpg&quot;); background-position:center center; background-size:cover; background-repeat:no-repeat; min-height:250px; '><\/div>\n<div id='slider_3001_slide21' class='sa_hover_container' style='padding:5% 5%; margin:0px 1%; background-image:url(&quot;https:\/\/vedomebyti.cz\/wp-content\/uploads\/2018\/11\/dpdu0008.jpg&quot;); background-position:center center; background-size:cover; background-repeat:no-repeat; min-height:250px; '><\/div>\n<div id='slider_3001_slide14' class='sa_hover_container' style='padding:5% 5%; margin:0px 1%; background-image:url(&quot;https:\/\/vedomebyti.cz\/wp-content\/uploads\/2023\/04\/20220918_172448.jpg&quot;); background-position:center center; background-size:cover; background-repeat:no-repeat; min-height:250px; '><\/div>\n<div id='slider_3001_slide24' class='sa_hover_container' style='padding:5% 5%; margin:0px 1%; background-image:url(&quot;https:\/\/vedomebyti.cz\/wp-content\/uploads\/2018\/11\/20220318_182907.jpg&quot;); background-position:center center; background-size:cover; background-repeat:no-repeat; min-height:250px; '><\/div>\n<div id='slider_3001_slide02' class='sa_hover_container' style='padding:5% 5%; margin:0px 1%; background-image:url(&quot;https:\/\/vedomebyti.cz\/wp-content\/uploads\/2024\/09\/20231118_165311-scaled.jpg&quot;); background-position:center center; background-size:cover; background-repeat:no-repeat; min-height:250px; '><\/div>\n<div id='slider_3001_slide22' class='sa_hover_container' style='padding:5% 5%; margin:0px 1%; background-image:url(&quot;https:\/\/vedomebyti.cz\/wp-content\/uploads\/2023\/09\/WhatsApp-Image-2023-09-19-at-20.22.36.jpg&quot;); background-position:center center; background-size:cover; background-repeat:no-repeat; min-height:250px; '><\/div>\n<div id='slider_3001_slide10' class='sa_hover_container' style='padding:5% 5%; margin:0px 1%; background-image:url(&quot;https:\/\/vedomebyti.cz\/wp-content\/uploads\/2018\/11\/WhatsApp-Image-2021-11-21-at-20.14.21-2.jpeg&quot;); background-position:center center; background-size:cover; background-repeat:no-repeat; min-height:250px; '><\/div>\n<div id='slider_3001_slide26' class='sa_hover_container' style='padding:5% 5%; margin:0px 1%; background-image:url(&quot;https:\/\/vedomebyti.cz\/wp-content\/uploads\/2023\/04\/WhatsApp-Image-2023-04-11-at-09.26.13-1.jpeg&quot;); background-position:center center; background-size:cover; background-repeat:no-repeat; min-height:250px; '><\/div>\n<div id='slider_3001_slide19' class='sa_hover_container' style='padding:5% 5%; margin:0px 1%; background-image:url(&quot;https:\/\/vedomebyti.cz\/wp-content\/uploads\/2018\/11\/dpdu0011.jpg&quot;); background-position:center center; background-size:cover; background-repeat:no-repeat; min-height:250px; '><\/div>\n<div id='slider_3001_slide09' class='sa_hover_container' style='padding:5% 5%; margin:0px 1%; background-image:url(&quot;https:\/\/vedomebyti.cz\/wp-content\/uploads\/2018\/11\/IMG_0790.jpg&quot;); background-position:center center; background-size:cover; background-repeat:no-repeat; min-height:250px; '><\/div>\n<div id='slider_3001_slide18' class='sa_hover_container' style='padding:5% 5%; margin:0px 1%; background-image:url(&quot;https:\/\/vedomebyti.cz\/wp-content\/uploads\/2018\/11\/DSCN7175.jpg&quot;); background-position:center center; background-size:cover; background-repeat:no-repeat; min-height:250px; '><\/div>\n<div id='slider_3001_slide16' class='sa_hover_container' style='padding:5% 5%; margin:0px 1%; background-image:url(&quot;https:\/\/vedomebyti.cz\/wp-content\/uploads\/2018\/11\/dpdu0014.jpg&quot;); background-position:center center; background-size:cover; background-repeat:no-repeat; min-height:250px; '><\/div>\n<div id='slider_3001_slide08' class='sa_hover_container' style='padding:5% 5%; margin:0px 1%; background-image:url(&quot;https:\/\/vedomebyti.cz\/wp-content\/uploads\/2018\/11\/IMG_0591.jpg&quot;); background-position:center center; background-size:cover; background-repeat:no-repeat; min-height:250px; '><\/div>\n<div id='slider_3001_slide15' class='sa_hover_container' style='padding:5% 5%; margin:0px 1%; background-image:url(&quot;https:\/\/vedomebyti.cz\/wp-content\/uploads\/2023\/04\/20221022_121854-1.jpg&quot;); background-position:center center; background-size:cover; background-repeat:no-repeat; min-height:250px; '><\/div>\n<div id='slider_3001_slide17' class='sa_hover_container' style='padding:5% 5%; margin:0px 1%; background-image:url(&quot;https:\/\/vedomebyti.cz\/wp-content\/uploads\/2018\/11\/20220319_180621-1.jpg&quot;); background-position:center center; background-size:cover; background-repeat:no-repeat; min-height:250px; '><\/div>\n<div id='slider_3001_slide23' class='sa_hover_container' style='padding:5% 5%; margin:0px 1%; background-image:url(&quot;https:\/\/vedomebyti.cz\/wp-content\/uploads\/2018\/11\/IMG-20210524-WA0070.jpg&quot;); background-position:center center; background-size:cover; background-repeat:no-repeat; min-height:250px; '><\/div>\n<div id='slider_3001_slide30' class='sa_hover_container' style='padding:5% 5%; margin:0px 1%; background-image:url(&quot;https:\/\/vedomebyti.cz\/wp-content\/uploads\/2024\/09\/IMG-20240324-WA0029.jpg&quot;); background-position:left top; background-size:cover; background-repeat:no-repeat; min-height:250px; '><\/div>\n<div id='slider_3001_slide05' class='sa_hover_container' style='padding:5% 5%; margin:0px 1%; background-image:url(&quot;https:\/\/vedomebyti.cz\/wp-content\/uploads\/2018\/11\/20220319_194043.jpg&quot;); background-position:center center; background-size:cover; background-repeat:no-repeat; min-height:250px; '><\/div>\n<div id='slider_3001_slide20' class='sa_hover_container' style='padding:5% 5%; margin:0px 1%; background-image:url(&quot;https:\/\/vedomebyti.cz\/wp-content\/uploads\/2018\/11\/dpdu0010.jpg&quot;); background-position:center center; background-size:cover; background-repeat:no-repeat; min-height:250px; '><\/div>\n<div id='slider_3001_slide07' class='sa_hover_container' style='padding:5% 5%; margin:0px 1%; background-image:url(&quot;https:\/\/vedomebyti.cz\/wp-content\/uploads\/2018\/11\/dpz-ev-0009.jpg&quot;); background-position:center center; background-size:cover; background-repeat:no-repeat; min-height:250px; '><\/div>\n<div id='slider_3001_slide11' class='sa_hover_container' style='padding:5% 5%; margin:0px 1%; background-image:url(&quot;https:\/\/vedomebyti.cz\/wp-content\/uploads\/2018\/11\/20230326_194732.jpg&quot;); background-position:center center; background-size:cover; background-repeat:no-repeat; min-height:250px; '><\/div>\n<div id='slider_3001_slide01' class='sa_hover_container' style='padding:5% 5%; margin:0px 1%; background-image:url(&quot;https:\/\/vedomebyti.cz\/wp-content\/uploads\/2023\/09\/IMG_0646.jpg&quot;); background-position:center center; background-size:cover; background-repeat:no-repeat; min-height:250px; '><\/div>\n<div id='slider_3001_slide13' class='sa_hover_container' style='padding:5% 5%; margin:0px 1%; background-image:url(&quot;https:\/\/vedomebyti.cz\/wp-content\/uploads\/2023\/04\/20220808_105141.jpg&quot;); background-position:center center; background-size:cover; background-repeat:no-repeat; min-height:250px; '><\/div>\n<div id='slider_3001_slide27' class='sa_hover_container' style='padding:5% 5%; margin:0px 1%; background-image:url(&quot;https:\/\/vedomebyti.cz\/wp-content\/uploads\/2023\/09\/IMG-20221120-WA0057.jpg&quot;); background-position:center center; background-size:cover; background-repeat:no-repeat; min-height:250px; '><\/div>\n<div id='slider_3001_slide29' class='sa_hover_container' style='padding:5% 5%; margin:0px 1%; background-image:url(&quot;https:\/\/vedomebyti.cz\/wp-content\/uploads\/2024\/05\/Munay-Ki_Myslin_9.24_1.25-1.jpg&quot;); background-position:center center; background-size:cover; background-repeat:no-repeat; min-height:250px; '><\/div>\n<div id='slider_3001_slide25' class='sa_hover_container' style='padding:5% 5%; margin:0px 1%; background-image:url(&quot;https:\/\/vedomebyti.cz\/wp-content\/uploads\/2018\/11\/20230326_103003.jpg&quot;); background-position:center center; background-size:cover; background-repeat:no-repeat; min-height:250px; '><\/div>\n<\/div>\n<\/div>\n<script type='text\/javascript'>\n\tjQuery(document).ready(function() {\n\t\tjQuery('#slider_3001').owlCarousel({\n\t\t\tresponsive:{\n\t\t\t\t0:{ items:1 },\n\t\t\t\t480:{ items:2 },\n\t\t\t\t768:{ items:2 },\n\t\t\t\t980:{ items:2 },\n\t\t\t\t1200:{ items:2 },\n\t\t\t\t1500:{ items:2 }\n\t\t\t},\n\t\t\tautoplay : true,\n\t\t\tautoplayTimeout : 3000,\n\t\t\tautoplayHoverPause : true,\n\t\t\tsmartSpeed : 200,\n\t\t\tfluidSpeed : 200,\n\t\t\tautoplaySpeed : 200,\n\t\t\tnavSpeed : 200,\n\t\t\tdotsSpeed : 200,\n\t\t\tloop : true,\n\t\t\tnav : true,\n\t\t\tnavText : ['Previous','Next'],\n\t\t\tdots : false,\n\t\t\tresponsiveRefreshRate : 200,\n\t\t\tslideBy : 1,\n\t\t\tmergeFit : true,\n\t\t\tautoHeight : false,\n\t\t\tmouseDrag : true,\n\t\t\ttouchDrag : true\n\t\t});\n\t\tjQuery('#slider_3001').css('visibility', 'visible');\n\t\tvar owl_goto = jQuery('#slider_3001');\n\t\tjQuery('.slider_3001_goto1').click(function(event){\n\t\t\towl_goto.trigger('to.owl.carousel', 0);\n\t\t});\n\t\tjQuery('.slider_3001_goto2').click(function(event){\n\t\t\towl_goto.trigger('to.owl.carousel', 1);\n\t\t});\n\t\tjQuery('.slider_3001_goto3').click(function(event){\n\t\t\towl_goto.trigger('to.owl.carousel', 2);\n\t\t});\n\t\tjQuery('.slider_3001_goto4').click(function(event){\n\t\t\towl_goto.trigger('to.owl.carousel', 3);\n\t\t});\n\t\tjQuery('.slider_3001_goto5').click(function(event){\n\t\t\towl_goto.trigger('to.owl.carousel', 4);\n\t\t});\n\t\tjQuery('.slider_3001_goto6').click(function(event){\n\t\t\towl_goto.trigger('to.owl.carousel', 5);\n\t\t});\n\t\tjQuery('.slider_3001_goto7').click(function(event){\n\t\t\towl_goto.trigger('to.owl.carousel', 6);\n\t\t});\n\t\tjQuery('.slider_3001_goto8').click(function(event){\n\t\t\towl_goto.trigger('to.owl.carousel', 7);\n\t\t});\n\t\tjQuery('.slider_3001_goto9').click(function(event){\n\t\t\towl_goto.trigger('to.owl.carousel', 8);\n\t\t});\n\t\tjQuery('.slider_3001_goto10').click(function(event){\n\t\t\towl_goto.trigger('to.owl.carousel', 9);\n\t\t});\n\t\tjQuery('.slider_3001_goto11').click(function(event){\n\t\t\towl_goto.trigger('to.owl.carousel', 10);\n\t\t});\n\t\tjQuery('.slider_3001_goto12').click(function(event){\n\t\t\towl_goto.trigger('to.owl.carousel', 11);\n\t\t});\n\t\tjQuery('.slider_3001_goto13').click(function(event){\n\t\t\towl_goto.trigger('to.owl.carousel', 12);\n\t\t});\n\t\tjQuery('.slider_3001_goto14').click(function(event){\n\t\t\towl_goto.trigger('to.owl.carousel', 13);\n\t\t});\n\t\tjQuery('.slider_3001_goto15').click(function(event){\n\t\t\towl_goto.trigger('to.owl.carousel', 14);\n\t\t});\n\t\tjQuery('.slider_3001_goto16').click(function(event){\n\t\t\towl_goto.trigger('to.owl.carousel', 15);\n\t\t});\n\t\tjQuery('.slider_3001_goto17').click(function(event){\n\t\t\towl_goto.trigger('to.owl.carousel', 16);\n\t\t});\n\t\tjQuery('.slider_3001_goto18').click(function(event){\n\t\t\towl_goto.trigger('to.owl.carousel', 17);\n\t\t});\n\t\tjQuery('.slider_3001_goto19').click(function(event){\n\t\t\towl_goto.trigger('to.owl.carousel', 18);\n\t\t});\n\t\tjQuery('.slider_3001_goto20').click(function(event){\n\t\t\towl_goto.trigger('to.owl.carousel', 19);\n\t\t});\n\t\tjQuery('.slider_3001_goto21').click(function(event){\n\t\t\towl_goto.trigger('to.owl.carousel', 20);\n\t\t});\n\t\tjQuery('.slider_3001_goto22').click(function(event){\n\t\t\towl_goto.trigger('to.owl.carousel', 21);\n\t\t});\n\t\tjQuery('.slider_3001_goto23').click(function(event){\n\t\t\towl_goto.trigger('to.owl.carousel', 22);\n\t\t});\n\t\tjQuery('.slider_3001_goto24').click(function(event){\n\t\t\towl_goto.trigger('to.owl.carousel', 23);\n\t\t});\n\t\tjQuery('.slider_3001_goto25').click(function(event){\n\t\t\towl_goto.trigger('to.owl.carousel', 24);\n\t\t});\n\t\tjQuery('.slider_3001_goto26').click(function(event){\n\t\t\towl_goto.trigger('to.owl.carousel', 25);\n\t\t});\n\t\tjQuery('.slider_3001_goto27').click(function(event){\n\t\t\towl_goto.trigger('to.owl.carousel', 26);\n\t\t});\n\t\tjQuery('.slider_3001_goto28').click(function(event){\n\t\t\towl_goto.trigger('to.owl.carousel', 27);\n\t\t});\n\t\tjQuery('.slider_3001_goto29').click(function(event){\n\t\t\towl_goto.trigger('to.owl.carousel', 28);\n\t\t});\n\t\tjQuery('.slider_3001_goto30').click(function(event){\n\t\t\towl_goto.trigger('to.owl.carousel', 29);\n\t\t});\n\t\tvar resize_5133 = jQuery('.owl-carousel');\n\t\tresize_5133.on('initialized.owl.carousel', function(e) {\n\t\t\tif (typeof(Event) === 'function') {\n\t\t\t\twindow.dispatchEvent(new Event('resize'));\n\t\t\t} else {\n\t\t\t\tvar evt = window.document.createEvent('UIEvents');\n\t\t\t\tevt.initUIEvent('resize', true, false, window, 0);\n\t\t\t\twindow.dispatchEvent(evt);\n\t\t\t}\n\t\t});\n\t});\n<\/script>\n\n<\/div>\n<\/div><\/div><\/div><\/div><\/div><div id=\"pg-2694-3\"  class=\"panel-grid panel-no-style\" ><div id=\"pgc-2694-3-0\"  class=\"panel-grid-cell\" ><div id=\"panel-2694-3-0-0\" class=\"so-panel widget widget_sow-image panel-first-child panel-last-child\" data-index=\"4\" ><div\n\t\t\t\n\t\t\tclass=\"so-widget-sow-image so-widget-sow-image-default-c67d20f9f743-2694\"\n\t\t\t\n\t\t>\n<div class=\"sow-image-container\">\n\t\t<img \n\tsrc=\"https:\/\/vedomebyti.cz\/images\/oddelovace\/od-st2.svg\" title=\"_DIVOSVET\" alt=\"\" \t\tclass=\"so-widget-image\"\/>\n\t<\/div>\n\n<\/div><\/div><\/div><\/div><\/div>","protected":false},"excerpt":{"rendered":"<p>Pl\u00e1novan\u00e9 a pr\u00e1v\u011b prob\u00edhaj\u00edc\u00ed akce P\u0159ijmi pozv\u00e1n\u00ed na n\u011bkterou z pl\u00e1novan\u00fdch akc\u00ed a vyu\u017eij spolu s n\u00e1mi s\u00edlu \u017eensk\u00e9ho kruhu. Projas\u0148uj\u00edc\u00ed p\u011btidenn\u00ed \u017eensk\u00fd kruh Harmonizuj\u00edc\u00ed zastaven\u00ed s doprov\u00e1zen\u00fdm programem na p\u0159ekr\u00e1sn\u00e9m statku Salajna. Prohlubuj\u00edc\u00ed se tma tohoto obdob\u00ed d\u00e1v\u00e1 vyniknout z\u00e1\u0159i na\u0161eho vlastn\u00edho vnit\u0159n\u00edho sv\u011btla. Dovol\u00ed\u0161 si zastavit se a pos\u00edlit jej praktick\u00fdmi technikami a &hellip; <\/p>\n<p class=\"link-more\"><a href=\"https:\/\/vedomebyti.cz\/en\/\" class=\"more-link\">Continue reading<span class=\"screen-reader-text\"> \"_DIVOSVET\"<\/span><\/a><\/p>","protected":false},"author":2,"featured_media":0,"parent":0,"menu_order":0,"comment_status":"closed","ping_status":"closed","template":"","meta":{"footnotes":""},"class_list":["post-2694","page","type-page","status-publish","hentry"],"_links":{"self":[{"href":"https:\/\/vedomebyti.cz\/en\/wp-json\/wp\/v2\/pages\/2694","targetHints":{"allow":["GET"]}}],"collection":[{"href":"https:\/\/vedomebyti.cz\/en\/wp-json\/wp\/v2\/pages"}],"about":[{"href":"https:\/\/vedomebyti.cz\/en\/wp-json\/wp\/v2\/types\/page"}],"author":[{"embeddable":true,"href":"https:\/\/vedomebyti.cz\/en\/wp-json\/wp\/v2\/users\/2"}],"replies":[{"embeddable":true,"href":"https:\/\/vedomebyti.cz\/en\/wp-json\/wp\/v2\/comments?post=2694"}],"version-history":[{"count":296,"href":"https:\/\/vedomebyti.cz\/en\/wp-json\/wp\/v2\/pages\/2694\/revisions"}],"predecessor-version":[{"id":5313,"href":"https:\/\/vedomebyti.cz\/en\/wp-json\/wp\/v2\/pages\/2694\/revisions\/5313"}],"wp:attachment":[{"href":"https:\/\/vedomebyti.cz\/en\/wp-json\/wp\/v2\/media?parent=2694"}],"curies":[{"name":"wp","href":"https:\/\/api.w.org\/{rel}","templated":true}]}}