{"id":2783,"date":"2018-11-18T21:26:49","date_gmt":"2018-11-18T21:26:49","guid":{"rendered":"http:\/\/www.divosvet.cz\/?page_id=2783"},"modified":"2023-04-15T09:43:27","modified_gmt":"2023-04-15T09:43:27","slug":"old-predstaveni-legenda-o-krali-artusovi-2","status":"publish","type":"page","link":"https:\/\/vedomebyti.cz\/en\/old-predstaveni-legenda-o-krali-artusovi-2\/","title":{"rendered":"ZZZ PERFORMANCE THE LEGEND OF KING ARTHUR 2.part"},"content":{"rendered":"<div id=\"pl-2783\"  class=\"panel-layout\" ><div id=\"pg-2783-0\"  class=\"panel-grid panel-no-style\" ><div id=\"pgc-2783-0-0\"  class=\"panel-grid-cell\" ><div id=\"panel-2783-0-0-0\" class=\"so-panel widget widget_sow-editor panel-first-child panel-last-child\" data-index=\"0\" ><div class=\"MY-page-header panel-widget-style panel-widget-style-for-2783-0-0-0\" ><div\n\t\t\t\n\t\t\tclass=\"so-widget-sow-editor so-widget-sow-editor-base\"\n\t\t\t\n\t\t>\n<div class=\"siteorigin-widget-tinymce textwidget\">\n\tTHE LEGEND OF KING ARTHUR Part 2 - The Round Table<\/div>\n<\/div><\/div><\/div><\/div><\/div><div id=\"pg-2783-1\"  class=\"panel-grid panel-has-style\" ><div class=\"MY-hlbox-big-lr MY-bg-stromlist3x-opaq5-fixed panel-row-style panel-row-style-for-2783-1\" ><div id=\"pgc-2783-1-0\"  class=\"panel-grid-cell\" ><div id=\"panel-2783-1-0-0\" class=\"so-panel widget widget_sow-editor panel-first-child panel-last-child\" data-index=\"1\" ><div\n\t\t\t\n\t\t\tclass=\"so-widget-sow-editor so-widget-sow-editor-base\"\n\t\t\t\n\t\t>\n<div class=\"siteorigin-widget-tinymce textwidget\">\n\t<div style=\"text-align: justify;\"> \n  <img decoding=\"async\" class=\"alignleft MY-box-shadow6\" src=\"https:\/\/vedomebyti.cz\/img\/pg\/dpd\/predstaveni_loka\/plakat-v10.jpg\" width=\"180\" style=\"margin: 0px 30px 30px 0px;\"\/>  \n  <strong>Join young King Arthur, Merlin the wizard, Lancelot and the Knights of the Round Table in the mythical castle of Camelot for more unforgettable adventures.<\/strong> Arthur is now the invincible King of Britain thanks to the Lady of the Lake. Will he be able to win the heart of the beautiful Guenevere and, together with the Knights of the Round Table, find the greatest of the world's treasures, the Holy Grail? Come and support him on his adventurous journey and meet the tests that prove your courage. Who knows, you might just find the Holy Grail...\n<\/div>\n\n<table class=\"MY-no-bottom-margin\" style=\"margin: 10px;\">\n<tbody>\n<tr><td>Scenario:<\/td><td>Daniela Cachov\u00e1, 2018<\/td><\/tr>\n<tr><td>Prime Minister:<\/td><td>1. 11. 2018<\/td><\/tr>\n<tr><td>they're playing:<\/td><td>Daniela Cachov\u00e1, puppet team and children<\/td><\/tr>\n<tr><td>age:<\/td><td>4 - 9 years<\/td><\/tr>\n<tr><td>Length:<\/td><td>about 40 minutes <\/td><\/tr>\n<tr><td>Price:<\/td><td>60,- CZK \/ child (minimum 2 500,- CZK) + transport price<\/td><\/tr>\n<tr><td>length 1. and 2. part at the same time:<\/td><td>approx. 2x40 minutes + 15 minutes break<\/td><\/tr>\n<tr><td>price 1st and 2nd part at the same time:<\/td><td>90,- CZK \/ child (minimum 3 800,- CZK) + transport price<\/td><\/tr>\n<tr><td>price of transport:<\/td><td>3,- CZK \/ km round trip, 40km free<\/td><\/tr>\n<tr><td>recommended workshop:<\/td><td><a href=\"https:\/\/vedomebyti.cz\/en\/divosvet-pro-deti-divadlo\/#dilnicky-oartusovi\">The Yoga Story of Arthur<\/a> (approx. 20 min, free)<\/td><\/tr>\n<tr><td> <\/td><td><a href=\"https:\/\/vedomebyti.cz\/en\/divosvet-pro-deti-divadlo\/#dilnicky-zaziteksily\">Experience the Force<\/a> (approx. 20 min, free)<\/td><\/tr>\n<\/tbody>\n<\/table>\n<\/div>\n<\/div><\/div><\/div><\/div><\/div><div id=\"pg-2783-2\"  class=\"panel-grid panel-no-style\" ><div id=\"pgc-2783-2-0\"  class=\"panel-grid-cell\" ><div id=\"panel-2783-2-0-0\" class=\"so-panel widget widget_sow-editor panel-first-child panel-last-child\" data-index=\"2\" ><div\n\t\t\t\n\t\t\tclass=\"so-widget-sow-editor so-widget-sow-editor-base\"\n\t\t\t\n\t\t>\n<div class=\"siteorigin-widget-tinymce textwidget\">\n\t\t\t\t<style>\n                #foogallery-gallery-2888.fg-justified .fg-item {\n                    margin-right: 10px;\n                    margin-bottom: 10px;\n                }\n\n                #foogallery-gallery-2888.fg-justified .fg-image {\n                    height: 150px;\n                }\n\t\t\t<\/style>\n\t\t\t<div class=\"foogallery foogallery-container foogallery-justified foogallery-lightbox-foobox fg-justified fg-light fg-round-small fg-loading-default fg-loaded-fade-in fg-hover-scale fg-hover-fade fg-hover-zoom fg-ready\" id=\"foogallery-gallery-2888\" data-foogallery=\"{&quot;item&quot;:{&quot;showCaptionTitle&quot;:false,&quot;showCaptionDescription&quot;:false},&quot;lazy&quot;:true,&quot;template&quot;:{&quot;rowHeight&quot;:150,&quot;maxRowHeight&quot;:200,&quot;margins&quot;:10,&quot;align&quot;:&quot;center&quot;,&quot;lastRow&quot;:&quot;smart&quot;}}\" >\n\t<\/div>\n<\/div>\n<\/div><\/div><\/div><\/div><\/div>","protected":false},"excerpt":{"rendered":"<p>P\u0158EDSTAVEN\u00cd LEGENDA O KR\u00c1LI ARTU\u0160OVI 2. d\u00edl \u2013 Kruhov\u00fd st\u016fl P\u0159eneste se spolu s mlad\u00fdm kr\u00e1lem Artu\u0161em, kouzeln\u00edkem Merlinem, Lancelotem a ryt\u00ed\u0159i Kruhov\u00e9ho stolu na b\u00e1jn\u00fd hrad Kamelot, abyste pro\u017eili dal\u0161\u00ed nezapomenuteln\u00e1 dobrodru\u017estv\u00ed. Z Artu\u0161e je d\u00edky Jezern\u00ed Pan\u00ed nep\u0159emo\u017eiteln\u00fd kr\u00e1l Brit\u00e1nie. Poda\u0159\u00ed se mu dob\u00edt srdce kr\u00e1sn\u00e9 Guenevery a spolu s ryt\u00ed\u0159i Kruhov\u00e9ho stolu &hellip; <\/p>\n<p class=\"link-more\"><a href=\"https:\/\/vedomebyti.cz\/en\/old-predstaveni-legenda-o-krali-artusovi-2\/\" class=\"more-link\">Continue reading<span class=\"screen-reader-text\"> &#8222;ZZZ P\u0158EDSTAVEN\u00cd LEGENDA O KR\u00c1LI ARTU\u0160OVI 2.d\u00edl&#8220;<\/span><\/a><\/p>","protected":false},"author":2,"featured_media":0,"parent":0,"menu_order":0,"comment_status":"closed","ping_status":"closed","template":"","meta":{"footnotes":""},"class_list":["post-2783","page","type-page","status-publish","hentry"],"_links":{"self":[{"href":"https:\/\/vedomebyti.cz\/en\/wp-json\/wp\/v2\/pages\/2783","targetHints":{"allow":["GET"]}}],"collection":[{"href":"https:\/\/vedomebyti.cz\/en\/wp-json\/wp\/v2\/pages"}],"about":[{"href":"https:\/\/vedomebyti.cz\/en\/wp-json\/wp\/v2\/types\/page"}],"author":[{"embeddable":true,"href":"https:\/\/vedomebyti.cz\/en\/wp-json\/wp\/v2\/users\/2"}],"replies":[{"embeddable":true,"href":"https:\/\/vedomebyti.cz\/en\/wp-json\/wp\/v2\/comments?post=2783"}],"version-history":[{"count":10,"href":"https:\/\/vedomebyti.cz\/en\/wp-json\/wp\/v2\/pages\/2783\/revisions"}],"predecessor-version":[{"id":3651,"href":"https:\/\/vedomebyti.cz\/en\/wp-json\/wp\/v2\/pages\/2783\/revisions\/3651"}],"wp:attachment":[{"href":"https:\/\/vedomebyti.cz\/en\/wp-json\/wp\/v2\/media?parent=2783"}],"curies":[{"name":"wp","href":"https:\/\/api.w.org\/{rel}","templated":true}]}}