{"id":3662,"date":"2023-04-15T10:21:03","date_gmt":"2023-04-15T10:21:03","guid":{"rendered":"http:\/\/www.divosvet.cz\/?page_id=3662"},"modified":"2024-10-05T11:15:15","modified_gmt":"2024-10-05T11:15:15","slug":"zasveceni-munay-ki","status":"publish","type":"page","link":"https:\/\/vedomebyti.cz\/es\/zasveceni-munay-ki\/","title":{"rendered":"_CONSAGRACI\u00d3N DE MUNAY-KI"},"content":{"rendered":"<div id=\"pl-3662\"  class=\"panel-layout\" ><div id=\"pg-3662-0\"  class=\"panel-grid panel-no-style\" ><div id=\"pgc-3662-0-0\"  class=\"panel-grid-cell\" ><div id=\"panel-3662-0-0-0\" class=\"so-panel widget widget_sow-image panel-first-child panel-last-child\" data-index=\"0\" ><div\n\t\t\t\n\t\t\tclass=\"so-widget-sow-image so-widget-sow-image-default-c67d20f9f743-3662\"\n\t\t\t\n\t\t>\n<div class=\"sow-image-container\">\n\t\t<img \n\tsrc=\"https:\/\/vedomebyti.cz\/images\/oddelovace\/od-st2.svg\" title=\"_CONSAGRACI\u00d3N DE MUNAY-KI\" alt=\"\" \t\tclass=\"so-widget-image\"\/>\n\t<\/div>\n\n<\/div><\/div><\/div><\/div><div id=\"pg-3662-1\"  class=\"panel-grid panel-no-style\" ><div id=\"pgc-3662-1-0\"  class=\"panel-grid-cell\" ><div id=\"panel-3662-1-0-0\" class=\"so-panel widget widget_sow-editor panel-first-child panel-last-child\" data-index=\"1\" ><div\n\t\t\t\n\t\t\tclass=\"so-widget-sow-editor so-widget-sow-editor-base\"\n\t\t\t\n\t\t>\n<div class=\"siteorigin-widget-tinymce textwidget\">\n\t<div class=\"MY-title MY-title-page MY-t-center\">La iniciaci\u00f3n de Munay-Ki<\/div>\n<div class=\"MY-flexcontainer MY-flexcontainer-nowrap\">\n<div style=\"width: 30%;\"><img loading=\"lazy\" decoding=\"async\" style=\"object-fit: cover; display: block; height: 100%;\" src=\"https:\/\/vedomebyti.cz\/wp-content\/uploads\/2023\/04\/ruka_kytky.jpg\" width=\"402\" height=\"1600\" \/><\/div>\n<div class=\"MY-t-justify\" style=\"width: 70%; padding: 0em 2em 0em 2em;\">\n<p>Munay-Ki se traduce como la energ\u00eda del amor que todo lo impregna. Si la cultivamos y fortalecemos conscientemente, creamos la realidad de nuestros sue\u00f1os con amor y claridad, lo que inevitablemente se traslada a todos los niveles de nuestra vida. Las iniciaciones Munay-Ki se basan en las pr\u00e1cticas inici\u00e1ticas de los curanderos andinos y amaz\u00f3nicos (laicos) y tienen que ver con asumir la responsabilidad de todo lo que creamos. Son una invitaci\u00f3n a so\u00f1ar un mundo nuevo, sano y no violento, en el que cada uno de nosotros desempe\u00f1a un papel importante.<\/p>\n<p>Durante la ceremonia, se transfiere la energ\u00eda y se recibe todo el potencial de la sabidur\u00eda de cada linaje que alberga las ense\u00f1anzas. A continuaci\u00f3n, integramos la habilidad en nuestra vida cotidiana utilizando diversas pr\u00e1cticas y herramientas hasta que se convierte en una parte natural de nuestras vidas. Obtenemos entonces un nuevo mapa a trav\u00e9s del cual podemos vivir nuestras vidas de forma m\u00e1s consciente, saludable y con el conocimiento de que no estamos solos.<\/p>\n<p>Las transmisiones activan y refuerzan nuestro campo energ\u00e9tico e informan a nuestro ADN a nivel celular, lo que nos permite desarrollar un nuevo cuerpo que vive, envejece y muere m\u00e1s sano. Tambi\u00e9n podemos reescribir m\u00e1s f\u00e1cilmente creencias heredadas o adquiridas que ya no nos convienen.<\/p>\n<p>En la pr\u00e1ctica, parece que la sabidur\u00eda, las herramientas y las energ\u00edas que hemos recibido, alimentado e integrado en nuestras vidas acabar\u00e1n convirti\u00e9ndose en nosotros, o nosotros en ellos. Hay una especie de transformaci\u00f3n desde un estado de \"tener\", pasando por un estado de \"hacer\", hasta un estado de \"ser\". As\u00ed que, por poner un ejemplo muy concreto: No estoy utilizando las habilidades del sanador Hampe, que he adoptado, sino que me estoy convirtiendo, yo mismo, en este sanador que sabe exactamente qu\u00e9 hacer y c\u00f3mo hacer o no hacer. El camino hacia mi totalidad e interconexi\u00f3n se ha despertado por completo.<\/p>\n<\/div>\n<\/div>\n<\/div>\n<\/div><\/div><\/div><\/div><div id=\"pg-3662-2\"  class=\"panel-grid panel-no-style\" ><div id=\"pgc-3662-2-0\"  class=\"panel-grid-cell\" ><div id=\"panel-3662-2-0-0\" class=\"so-panel widget widget_sow-image panel-first-child panel-last-child\" data-index=\"2\" ><div\n\t\t\t\n\t\t\tclass=\"so-widget-sow-image so-widget-sow-image-default-c67d20f9f743-3662\"\n\t\t\t\n\t\t>\n<div class=\"sow-image-container\">\n\t\t<img \n\tsrc=\"https:\/\/vedomebyti.cz\/images\/oddelovace\/od-st2.svg\" title=\"_CONSAGRACI\u00d3N DE MUNAY-KI\" alt=\"\" \t\tclass=\"so-widget-image\"\/>\n\t<\/div>\n\n<\/div><\/div><\/div><\/div><div id=\"pg-3662-3\"  class=\"panel-grid panel-has-style\" ><div class=\"siteorigin-panels-stretch panel-row-style panel-row-style-for-3662-3\" data-stretch-type=\"full\" ><div id=\"pgc-3662-3-0\"  class=\"panel-grid-cell\" ><div id=\"panel-3662-3-0-0\" class=\"so-panel widget widget_sow-editor panel-first-child panel-last-child\" data-index=\"3\" ><div\n\t\t\t\n\t\t\tclass=\"so-widget-sow-editor so-widget-sow-editor-base\"\n\t\t\t\n\t\t>\n<div class=\"siteorigin-widget-tinymce textwidget\">\n\t<div class=\"MY-title-box MY-t-center\" style=\"margin-bottom: 1em;\">Diez RITUALES, diez transmisiones energ\u00e9ticas de MUNAY-KI<\/div>\n<div class=\"MY-t-justify\">\n<p>1 - Hampe Karpay (Sanador)<\/p>\n<p>2 - Chumpi Karpay (Cinturones de Poder)<\/p>\n<p>3 - Ayni Karpay (Harmonie)<\/p>\n<p>4 - Kawak Karpay (Visionario)<\/p>\n<p>5 - Pampa Mesayoq Karpay (Guardi\u00e1n del D\u00eda)<\/p>\n<p>6 - Alto Mesayoq Karpay (Guardi\u00e1n de la Sabidur\u00eda)<\/p>\n<p>7 - Kurak Akuyak Karpay (Guardi\u00e1n de la Tierra)<\/p>\n<p>8 - Mosoq Karpay (Guardi\u00e1n de las Estrellas)<\/p>\n<p>9 - Taitanchis Rantis Karpay (Creador)<\/p>\n<p>10 - Kisma Karpay (Guardiana del \u00fatero)<br \/>\n.<\/p>\n<\/div>\n<\/div>\n<\/div><\/div><\/div><\/div><\/div><div id=\"pg-3662-4\"  class=\"panel-grid panel-no-style\" ><div id=\"pgc-3662-4-0\"  class=\"panel-grid-cell\" ><div id=\"panel-3662-4-0-0\" class=\"so-panel widget widget_sow-image panel-first-child panel-last-child\" data-index=\"4\" ><div\n\t\t\t\n\t\t\tclass=\"so-widget-sow-image so-widget-sow-image-default-c67d20f9f743-3662\"\n\t\t\t\n\t\t>\n<div class=\"sow-image-container\">\n\t\t<img \n\tsrc=\"https:\/\/vedomebyti.cz\/images\/oddelovace\/od-st2.svg\" title=\"_CONSAGRACI\u00d3N DE MUNAY-KI\" alt=\"\" \t\tclass=\"so-widget-image\"\/>\n\t<\/div>\n\n<\/div><\/div><\/div><\/div><div id=\"pg-3662-5\"  class=\"panel-grid panel-no-style\" ><div id=\"pgc-3662-5-0\"  class=\"panel-grid-cell\" ><div id=\"panel-3662-5-0-0\" class=\"so-panel widget widget_sow-editor panel-first-child\" data-index=\"5\" ><div\n\t\t\t\n\t\t\tclass=\"so-widget-sow-editor so-widget-sow-editor-base\"\n\t\t\t\n\t\t>\n<div class=\"siteorigin-widget-tinymce textwidget\">\n\t<div class=\"MY-title-box MY-t-center\" style=\"margin-bottom: 1em;\">Desarrollo de la ceremonia<\/div>\n<div class=\"MY-t-justify\">\n<p>Cada encuentro consta de tres fases. La primera, de sintonizaci\u00f3n, te alinea con una sabidur\u00eda particular a la que cada uno estamos conectados, s\u00f3lo que la hemos olvidado. Durante la ceremonia propiamente dicha, recibes una semilla energ\u00e9tica con todo el potencial de esa sabidur\u00eda, seguida de la fase de integraci\u00f3n, durante la cual la sabidur\u00eda recibida se coloca exactamente en el lugar que le corresponde. Todas las fases tienen lugar a nivel energ\u00e9tico en forma de meditaci\u00f3n guiada m\u00e1s o menos din\u00e1mica, experiencia intensa, celebraci\u00f3n presente, conexi\u00f3n f\u00edsica, mental, emocional y energ\u00e9tica.<\/p>\n<p>Te acompa\u00f1ar\u00e9 amorosa y abiertamente a lo largo de toda la ceremonia, individualmente o en grupo, en persona o \"a distancia\". Cada una de estas formas tiene sus propias especificidades y a cada uno le conviene algo diferente. Encontrar\u00e1s el precio de mi espacio de tiempo <a href=\"https:\/\/vedomebyti.cz\/es\/cena\/\">aqu\u00ed<\/a>.<\/p>\n<\/div>\n<\/div>\n<\/div><\/div><div id=\"panel-3662-5-0-1\" class=\"so-panel widget widget_sow-image\" data-index=\"6\" ><div\n\t\t\t\n\t\t\tclass=\"so-widget-sow-image so-widget-sow-image-default-c67d20f9f743-3662\"\n\t\t\t\n\t\t>\n<div class=\"sow-image-container\">\n\t\t<img \n\tsrc=\"https:\/\/vedomebyti.cz\/images\/oddelovace\/od-st2.svg\" title=\"_CONSAGRACI\u00d3N DE MUNAY-KI\" alt=\"\" \t\tclass=\"so-widget-image\"\/>\n\t<\/div>\n\n<\/div><\/div><div id=\"panel-3662-5-0-2\" class=\"so-panel widget widget_sow-editor\" data-index=\"7\" ><div\n\t\t\t\n\t\t\tclass=\"so-widget-sow-editor so-widget-sow-editor-base\"\n\t\t\t\n\t\t>\n<div class=\"siteorigin-widget-tinymce textwidget\">\n\t<div class=\"MY-title-box MY-t-center\" style=\"margin-bottom: 1em;\">Qu\u00e9 esperar entre y despu\u00e9s de los traslados<\/div>\n<div class=\"MY-t-justify\">\n\nEn el periodo entre transferencias, el practicante integrar\u00e1 la habilidad en su vida diaria con la ayuda de diversas pr\u00e1cticas y herramientas. Cada persona es diferente, cada una necesita un tiempo y un ritmo distintos. Depende de nosotros con qu\u00e9 intensidad decidamos utilizar estas nuevas herramientas. En el momento en que se convierten en una parte natural de nuestras vidas, ganamos un nuevo mapa a trav\u00e9s del cual podemos vivir nuestras vidas de forma m\u00e1s consciente, saludable, con alegr\u00eda, pasi\u00f3n, claridad y el conocimiento de que no estamos solos.\n\n<\/div><\/div>\n<\/div><\/div><div id=\"panel-3662-5-0-3\" class=\"so-panel widget widget_sow-image panel-last-child\" data-index=\"8\" ><div\n\t\t\t\n\t\t\tclass=\"so-widget-sow-image so-widget-sow-image-default-c67d20f9f743-3662\"\n\t\t\t\n\t\t>\n<div class=\"sow-image-container\">\n\t\t<img \n\tsrc=\"https:\/\/vedomebyti.cz\/images\/oddelovace\/od-st2.svg\" title=\"_CONSAGRACI\u00d3N DE MUNAY-KI\" alt=\"\" \t\tclass=\"so-widget-image\"\/>\n\t<\/div>\n\n<\/div><\/div><\/div><\/div><div id=\"pg-3662-6\"  class=\"panel-grid panel-no-style\" ><div id=\"pgc-3662-6-0\"  class=\"panel-grid-cell\" ><div id=\"panel-3662-6-0-0\" class=\"so-panel widget widget_sow-editor panel-first-child panel-last-child\" data-index=\"9\" ><div\n\t\t\t\n\t\t\tclass=\"so-widget-sow-editor so-widget-sow-editor-base\"\n\t\t\t\n\t\t>\n<div class=\"siteorigin-widget-tinymce textwidget\">\n\t&nbsp;\n<p class=\"MY-t-justify-center\"><!-- ****** PROBIHAJICI AKCE ****** --><\/p>\n\n<div class=\"MY-title-box MY-t-center\" style=\"margin-bottom: 1em;\">Eventos en curso<\/div>\n<!-- ****** INDIVIDU\u00c1LN\u00cd ZASV\u011aCEN\u00cd MUNAY-KI ****** -->\n<div class=\"MY-flexcontainer MY-flexcontainer-wrap\" style=\"margin-bottom: 2em;\">\n<div class=\"MY-flexitem-wrapable MY-flexitem-w70p\" style=\"background-color: white; padding: 1.5em 2em 0em 2em;\">\n<div class=\"MY-title MY-title-paragraph\" style=\"margin-bottom: 1em;\"><strong>Iniciaci\u00f3n individual de Munay-Ki<\/strong><\/div>\n<div class=\"MY-t-justify\">Ser\u00eda un honor para m\u00ed acompa\u00f1arte en tu viaje para comprender, aceptar y utilizar la energ\u00eda Munai en tu vida. Con tu permiso, facilitar\u00e9 una transmisi\u00f3n directa de la \"semilla\" de todo el potencial de cada uno de estos linajes de una forma integral basada en tu propio ritmo y necesidades. Puedes esperar un cuidado amoroso y apoyo durante todo el proceso.<\/div>\n&nbsp;\n\n<\/div>\n<div class=\"MY-flexitem-wrapable MY-flexitem-w30p\" style=\"height: 14em;\"><a class=\"MY-link-noshadow\" href=\"https:\/\/vedomebyti.cz\/es\/_individualni_zasveceni_munay-ki\/\">\n<img loading=\"lazy\" decoding=\"async\" class=\"MY-link-image-noshadow\" style=\"object-fit: cover; height: 100%; width: 100%;\" src=\"https:\/\/vedomebyti.cz\/wp-content\/uploads\/2018\/11\/WhatsApp-Image-2023-08-28-at-17.14.41.jpg\" width=\"800\" height=\"716\" \/>\n<\/a><\/div>\n<\/div>\n<!-- ****** ZASVECENI MUNAY-KI PRO SKUPINU CI KRUH ****** -->\n<div class=\"MY-flexcontainer MY-flexcontainer-wrap\" style=\"margin-bottom: 2em;\">\n<div class=\"MY-flexitem-wrapable MY-flexitem-w70p\" style=\"background-color: white; padding: 1.5em 2em 0em 2em;\">\n<div class=\"MY-title MY-title-paragraph\" style=\"margin-bottom: 1em;\"><strong>Iniciaci\u00f3n Munay-Ki para un grupo o c\u00edrculo<\/strong><\/div>\n<div class=\"MY-t-justify\">Si quieres recibir la sabidur\u00eda de Munay-Ki en el c\u00edrculo de amigos \u00edntimos, estar\u00e9 encantado de acompa\u00f1arte. El n\u00famero m\u00e1ximo de miembros en un grupo es de ocho, y planificaremos juntos el programa para mutua satisfacci\u00f3n. Todo el proceso puede realizarse en persona o virtualmente a trav\u00e9s de una plataforma en l\u00ednea acordada.<\/div>\n&nbsp;\n\n<\/div>\n<div class=\"MY-flexitem-wrapable MY-flexitem-w30p\" style=\"height: 14em;\"><a class=\"MY-link-noshadow\" href=\"https:\/\/vedomebyti.cz\/es\/_zasveceni_munay-ki_pro_skupinu\/\">\n<img loading=\"lazy\" decoding=\"async\" class=\"MY-link-image-noshadow\" style=\"object-fit: cover; height: 100%; width: 100%;\" src=\"https:\/\/vedomebyti.cz\/wp-content\/uploads\/2024\/05\/WhatsApp-Image-2024-05-06-at-16.30.45_68149bed.jpg\" width=\"800\" height=\"716\" \/>\n<\/a><\/div>\n<\/div><\/div>\n<\/div><\/div><\/div><\/div><div id=\"pg-3662-7\"  class=\"panel-grid panel-no-style\" ><div id=\"pgc-3662-7-0\"  class=\"panel-grid-cell\" ><div id=\"panel-3662-7-0-0\" class=\"so-panel widget widget_sow-image panel-first-child\" data-index=\"10\" ><div\n\t\t\t\n\t\t\tclass=\"so-widget-sow-image so-widget-sow-image-default-c67d20f9f743-3662\"\n\t\t\t\n\t\t>\n<div class=\"sow-image-container\">\n\t\t<img \n\tsrc=\"https:\/\/vedomebyti.cz\/images\/oddelovace\/od-st2.svg\" title=\"_CONSAGRACI\u00d3N DE MUNAY-KI\" alt=\"\" \t\tclass=\"so-widget-image\"\/>\n\t<\/div>\n\n<\/div><\/div><div id=\"panel-3662-7-0-1\" class=\"so-panel widget widget_sow-editor\" data-index=\"11\" ><div\n\t\t\t\n\t\t\tclass=\"so-widget-sow-editor so-widget-sow-editor-base\"\n\t\t\t\n\t\t>\n<div class=\"siteorigin-widget-tinymce textwidget\">\n\t<img loading=\"lazy\" decoding=\"async\" src=\"https:\/\/vedomebyti.cz\/wp-content\/uploads\/2024\/05\/MKI-ESP-22-01-Certificado-Daniela-Cachova-300x232.jpg\" alt=\"\" width=\"300\" height=\"232\" class=\"alignnone size-medium wp-image-4653\" srcset=\"https:\/\/vedomebyti.cz\/wp-content\/uploads\/2024\/05\/MKI-ESP-22-01-Certificado-Daniela-Cachova-300x232.jpg 300w, https:\/\/vedomebyti.cz\/wp-content\/uploads\/2024\/05\/MKI-ESP-22-01-Certificado-Daniela-Cachova-1024x791.jpg 1024w, https:\/\/vedomebyti.cz\/wp-content\/uploads\/2024\/05\/MKI-ESP-22-01-Certificado-Daniela-Cachova-768x593.jpg 768w, https:\/\/vedomebyti.cz\/wp-content\/uploads\/2024\/05\/MKI-ESP-22-01-Certificado-Daniela-Cachova-1536x1187.jpg 1536w, https:\/\/vedomebyti.cz\/wp-content\/uploads\/2024\/05\/MKI-ESP-22-01-Certificado-Daniela-Cachova-2048x1583.jpg 2048w, https:\/\/vedomebyti.cz\/wp-content\/uploads\/2024\/05\/MKI-ESP-22-01-Certificado-Daniela-Cachova-16x12.jpg 16w\" sizes=\"auto, (max-width: 300px) 100vw, 300px\" \/><\/div>\n<\/div><\/div><div id=\"panel-3662-7-0-2\" class=\"so-panel widget widget_sow-image panel-last-child\" data-index=\"12\" ><div\n\t\t\t\n\t\t\tclass=\"so-widget-sow-image so-widget-sow-image-default-c67d20f9f743-3662\"\n\t\t\t\n\t\t>\n<div class=\"sow-image-container\">\n\t\t<img \n\tsrc=\"https:\/\/vedomebyti.cz\/images\/oddelovace\/od-st2.svg\" title=\"_CONSAGRACI\u00d3N DE MUNAY-KI\" alt=\"\" \t\tclass=\"so-widget-image\"\/>\n\t<\/div>\n\n<\/div><\/div><\/div><\/div><\/div>","protected":false},"excerpt":{"rendered":"<p>Iniciaci\u00f3n a Munay-Ki Munay-Ki se traduce como la energ\u00eda del amor que todo lo impregna. Cuando la cultivamos y fortalecemos conscientemente, creamos nuestra realidad so\u00f1ada con amor y claridad, lo que inevitablemente se traslada a todos los niveles de nuestra vida. Las iniciaciones Munay-Ki se basan en las pr\u00e1cticas inici\u00e1ticas de los curanderos andinos y amaz\u00f3nicos (laicos) y tienen que ver con asumir la responsabilidad de todo ... <\/p>\n<p class=\"link-more\"><a href=\"https:\/\/vedomebyti.cz\/es\/zasveceni-munay-ki\/\" class=\"more-link\">Seguir leyendo<span class=\"screen-reader-text\"> \"_CONSAGRACI\u00d3N DE MUNAY-KI\"<\/span><\/a><\/p>","protected":false},"author":2,"featured_media":0,"parent":0,"menu_order":0,"comment_status":"closed","ping_status":"closed","template":"","meta":{"footnotes":""},"class_list":["post-3662","page","type-page","status-publish","hentry"],"_links":{"self":[{"href":"https:\/\/vedomebyti.cz\/es\/wp-json\/wp\/v2\/pages\/3662","targetHints":{"allow":["GET"]}}],"collection":[{"href":"https:\/\/vedomebyti.cz\/es\/wp-json\/wp\/v2\/pages"}],"about":[{"href":"https:\/\/vedomebyti.cz\/es\/wp-json\/wp\/v2\/types\/page"}],"author":[{"embeddable":true,"href":"https:\/\/vedomebyti.cz\/es\/wp-json\/wp\/v2\/users\/2"}],"replies":[{"embeddable":true,"href":"https:\/\/vedomebyti.cz\/es\/wp-json\/wp\/v2\/comments?post=3662"}],"version-history":[{"count":159,"href":"https:\/\/vedomebyti.cz\/es\/wp-json\/wp\/v2\/pages\/3662\/revisions"}],"predecessor-version":[{"id":4855,"href":"https:\/\/vedomebyti.cz\/es\/wp-json\/wp\/v2\/pages\/3662\/revisions\/4855"}],"wp:attachment":[{"href":"https:\/\/vedomebyti.cz\/es\/wp-json\/wp\/v2\/media?parent=3662"}],"curies":[{"name":"wp","href":"https:\/\/api.w.org\/{rel}","templated":true}]}}