{"id":5218,"date":"2025-09-24T15:47:13","date_gmt":"2025-09-24T15:47:13","guid":{"rendered":"https:\/\/vedomebyti.cz\/?page_id=5218"},"modified":"2025-09-26T10:46:50","modified_gmt":"2025-09-26T10:46:50","slug":"_akce_smoothicko-propojeni","status":"publish","type":"page","link":"https:\/\/vedomebyti.cz\/es\/_akce_smoothicko-propojeni\/","title":{"rendered":"_AKCE_SMOOTH\u00cd\u010cKO PROPOJEN\u00cd"},"content":{"rendered":"<div id=\"pl-5218\"  class=\"panel-layout\" ><div id=\"pg-5218-0\"  class=\"panel-grid panel-no-style\" ><div id=\"pgc-5218-0-0\"  class=\"panel-grid-cell\" ><div id=\"panel-5218-0-0-0\" class=\"so-panel widget widget_sow-editor panel-first-child panel-last-child\" data-index=\"0\" ><div class=\"MY-page-header panel-widget-style panel-widget-style-for-5218-0-0-0\" ><div\n\t\t\t\n\t\t\tclass=\"so-widget-sow-editor so-widget-sow-editor-base\"\n\t\t\t\n\t\t>\n<div class=\"siteorigin-widget-tinymce textwidget\">\n\tSMOOTH\u00cd\u010cKO PROPOJEN\u00cd<\/div>\n<\/div><\/div><\/div><\/div><\/div><div id=\"pg-5218-1\"  class=\"panel-grid panel-has-style\" ><div class=\"MY-hlbox-big-lr MY-bg-stromlist3x-opaq5-fixed panel-row-style panel-row-style-for-5218-1\" ><div id=\"pgc-5218-1-0\"  class=\"panel-grid-cell\" ><div id=\"panel-5218-1-0-0\" class=\"so-panel widget widget_sow-editor panel-first-child panel-last-child\" data-index=\"1\" ><div\n\t\t\t\n\t\t\tclass=\"so-widget-sow-editor so-widget-sow-editor-base\"\n\t\t\t\n\t\t>\n<div class=\"siteorigin-widget-tinymce textwidget\">\n\t<div style=\"text-align: justify;\">\n<p><img loading=\"lazy\" decoding=\"async\" class=\"alignleft MY-box-shadow6 size-medium\" style=\"margin: 0px 30px 20px 0px;\" src=\"https:\/\/vedomebyti.cz\/wp-content\/uploads\/2025\/09\/2025_smoothicko-Propojeni1-scaled.jpg\" width=\"227\" height=\"321\" \/><\/p>\n<p><strong>...aneb L\u00c1SKYPLN\u00dd PRO\u017dITKOV\u00dd KURZ TANCE, J\u00d3GY, MEDITAC\u00cd A SD\u00cdLEN\u00cd<\/strong><\/p>\n<p>Protan\u010di se spolu s n\u00e1mi t\u00e9maty, kter\u00e9 jsou p\u0159irozenou sou\u010d\u00e1st\u00ed na\u0161\u00ed cesty. Pokud jim d\u00e1me v\u011bdomou pozornost, mohou pov\u00fd\u0161it na\u0161e byt\u00ed na do dal\u0161\u00ed \u00farovn\u011b. Kdy\u017e pak sv\u00e9 vhledy propoj\u00edme, vstupujeme na mystickou \u00farove\u0148 tv\u016frkyn\u011b sv\u00e9ho vlastn\u00edho \u017eivota.<\/p>\n<p><strong>21 krok\u016f, 21 as\u00e1n, 21 tanc\u016f, 21 meditac\u00ed, 21 pochopen\u00ed \u2013 to v\u0161e a mnohem v\u00edc t\u011b \u010dek\u00e1 v na\u0161em \u017eensk\u00e9m kruhu.<\/strong><\/p>\n<p><strong>Fecha l\u00edmite:<\/strong> Ka\u017ed\u00e9 lich\u00e9 \u00fater\u00fd od 19 do 21 hodin (od 7. 10. 2025)<\/p>\n<p><strong>Precio:<\/strong> P\u0159i pravideln\u00e9 \u00fa\u010dasti 200,- K\u010d, p\u0159i ob\u010dasn\u00e9 \/ jednor\u00e1zov\u00e9 250,-K\u010d v hotovosti na m\u00edst\u011b, nebo na \u00fa\u010det 4765872319\/0800, variabiln\u00ed symbol 1.<\/p>\n<p><strong>Lugar:<\/strong> <a href=\"https:\/\/zaya.cz\/\" target=\"_blank\" rel=\"noopener\">Escuela Comunitaria y Jard\u00edn de Infancia Zaya<\/a><\/p>\n<p><strong>Volante:<\/strong> <a href=\"https:\/\/vedomebyti.cz\/wp-content\/uploads\/2025\/09\/2025_smoothicko-Propojeni1-scaled.jpg\">aqu\u00ed<\/a><\/p>\n<p>Si est\u00e1 interesado, p\u00f3ngase en contacto conmigo <a href=\"https:\/\/vedomebyti.cz\/es\/kontakt\/\">p\u00f3ngase en contacto con<\/a>, nebo to jednodu\u0161e p\u0159ij\u010fte za\u017e\u00edt.<\/p>\n<\/div>\n<\/div>\n<\/div><\/div><\/div><\/div><\/div><\/div>","protected":false},"excerpt":{"rendered":"<p>SMOOTH\u00cd\u010cKO PROPOJEN\u00cd &#8230;aneb L\u00c1SKYPLN\u00dd PRO\u017dITKOV\u00dd KURZ TANCE, J\u00d3GY, MEDITAC\u00cd A SD\u00cdLEN\u00cd Protan\u010di se spolu s n\u00e1mi t\u00e9maty, kter\u00e9 jsou p\u0159irozenou sou\u010d\u00e1st\u00ed na\u0161\u00ed cesty. Pokud jim d\u00e1me v\u011bdomou pozornost, mohou pov\u00fd\u0161it na\u0161e byt\u00ed na do dal\u0161\u00ed \u00farovn\u011b. Kdy\u017e pak sv\u00e9 vhledy propoj\u00edme, vstupujeme na mystickou \u00farove\u0148 tv\u016frkyn\u011b sv\u00e9ho vlastn\u00edho \u017eivota. 21 krok\u016f, 21 as\u00e1n, 21 tanc\u016f, &hellip; <\/p>\n<p class=\"link-more\"><a href=\"https:\/\/vedomebyti.cz\/es\/_akce_smoothicko-propojeni\/\" class=\"more-link\">Seguir leyendo<span class=\"screen-reader-text\"> &#8222;_AKCE_SMOOTH\u00cd\u010cKO PROPOJEN\u00cd&#8220;<\/span><\/a><\/p>","protected":false},"author":2,"featured_media":0,"parent":0,"menu_order":0,"comment_status":"closed","ping_status":"closed","template":"","meta":{"footnotes":""},"class_list":["post-5218","page","type-page","status-publish","hentry"],"_links":{"self":[{"href":"https:\/\/vedomebyti.cz\/es\/wp-json\/wp\/v2\/pages\/5218","targetHints":{"allow":["GET"]}}],"collection":[{"href":"https:\/\/vedomebyti.cz\/es\/wp-json\/wp\/v2\/pages"}],"about":[{"href":"https:\/\/vedomebyti.cz\/es\/wp-json\/wp\/v2\/types\/page"}],"author":[{"embeddable":true,"href":"https:\/\/vedomebyti.cz\/es\/wp-json\/wp\/v2\/users\/2"}],"replies":[{"embeddable":true,"href":"https:\/\/vedomebyti.cz\/es\/wp-json\/wp\/v2\/comments?post=5218"}],"version-history":[{"count":7,"href":"https:\/\/vedomebyti.cz\/es\/wp-json\/wp\/v2\/pages\/5218\/revisions"}],"predecessor-version":[{"id":5253,"href":"https:\/\/vedomebyti.cz\/es\/wp-json\/wp\/v2\/pages\/5218\/revisions\/5253"}],"wp:attachment":[{"href":"https:\/\/vedomebyti.cz\/es\/wp-json\/wp\/v2\/media?parent=5218"}],"curies":[{"name":"wp","href":"https:\/\/api.w.org\/{rel}","templated":true}]}}